{"id":615,"date":"2025-04-30T07:50:00","date_gmt":"2025-04-30T07:50:00","guid":{"rendered":"https:\/\/rionesansilvestro.it\/?page_id=615"},"modified":"2025-04-30T08:44:56","modified_gmt":"2025-04-30T08:44:56","slug":"valentina-visconti","status":"publish","type":"page","link":"https:\/\/rionesansilvestro.it\/?page_id=615","title":{"rendered":"Valentina Visconti"},"content":{"rendered":"<h3><span style=\"font-size: 24px; font-family: dragon;\"><strong>Valentina Visconti e il Rione San Silvestro di\u00a0<\/strong><strong style=\"letter-spacing: 1px;\">Asti: Signoria e Memoria tra Milano e la Francia<\/strong><\/span><\/h3>\n<p>&nbsp;<\/p>\n<table style=\"border-collapse: collapse; width: 100%;\">\n<tbody>\n<tr>\n<td style=\"width: 50%;\"><img fetchpriority=\"high\" decoding=\"async\" class=\"size-medium wp-image-622 aligncenter\" src=\"https:\/\/rionesansilvestro.it\/wp-content\/uploads\/2025\/04\/Chateau_de_Beauregard_-_Galerie_des_Illustres_29_-_Valentine_Visconti-244x300.jpg\" alt=\"\" width=\"244\" height=\"300\" srcset=\"https:\/\/rionesansilvestro.it\/wp-content\/uploads\/2025\/04\/Chateau_de_Beauregard_-_Galerie_des_Illustres_29_-_Valentine_Visconti-244x300.jpg 244w, https:\/\/rionesansilvestro.it\/wp-content\/uploads\/2025\/04\/Chateau_de_Beauregard_-_Galerie_des_Illustres_29_-_Valentine_Visconti-834x1024.jpg 834w, https:\/\/rionesansilvestro.it\/wp-content\/uploads\/2025\/04\/Chateau_de_Beauregard_-_Galerie_des_Illustres_29_-_Valentine_Visconti-768x943.jpg 768w, https:\/\/rionesansilvestro.it\/wp-content\/uploads\/2025\/04\/Chateau_de_Beauregard_-_Galerie_des_Illustres_29_-_Valentine_Visconti-1251x1536.jpg 1251w, https:\/\/rionesansilvestro.it\/wp-content\/uploads\/2025\/04\/Chateau_de_Beauregard_-_Galerie_des_Illustres_29_-_Valentine_Visconti-1668x2048.jpg 1668w, https:\/\/rionesansilvestro.it\/wp-content\/uploads\/2025\/04\/Chateau_de_Beauregard_-_Galerie_des_Illustres_29_-_Valentine_Visconti.jpg 2000w\" sizes=\"(max-width: 244px) 100vw, 244px\" \/><\/td>\n<td style=\"width: 50%;\"><img decoding=\"async\" class=\"size-medium wp-image-621 aligncenter\" src=\"https:\/\/rionesansilvestro.it\/wp-content\/uploads\/2025\/04\/46ddd24d1246d7c0d11d6bd2ac3828e1-240x300.png\" alt=\"\" width=\"240\" height=\"300\" srcset=\"https:\/\/rionesansilvestro.it\/wp-content\/uploads\/2025\/04\/46ddd24d1246d7c0d11d6bd2ac3828e1-240x300.png 240w, https:\/\/rionesansilvestro.it\/wp-content\/uploads\/2025\/04\/46ddd24d1246d7c0d11d6bd2ac3828e1.png 561w\" sizes=\"(max-width: 240px) 100vw, 240px\" \/><\/td>\n<\/tr>\n<\/tbody>\n<\/table>\n<p>Nel panorama politico dell\u2019Italia tardo-medievale, <strong>Valentina Visconti<\/strong> (1371\u20131408) rappresenta una delle figure femminili pi\u00f9 emblematiche della diplomazia dinastica viscontea. Figlia del potente duca di Milano <strong>Gian Galeazzo Visconti<\/strong> e della principessa francese Isabella di Valois, Valentina fu al centro di un progetto strategico che mirava a consolidare l\u2019asse Milano-Parigi attraverso un\u2019unione nobiliare.<\/p>\n<p>&nbsp;<\/p>\n<p style=\"text-align: justify;\">Il suo matrimonio con <strong>Luigi di Valois<\/strong>, fratello del re di Francia <strong>Carlo VI<\/strong>, venne celebrato nel 1389 e si inser\u00ec in una lunga tradizione di alleanze tra i Visconti e la monarchia francese. In quell\u2019anno, Valentina fece tappa nella citt\u00e0 di <strong>Asti<\/strong>, che era da tempo sotto dominio visconteo, essendo stata acquisita da <strong>Galeazzo II Visconti<\/strong> nel 1<span style=\"text-align: justify; font-size: 1rem;\">342. Durante il suo soggiorno, secondo le cronache cittadine, fu accolta \u201ccum maxima reverentia\u201d nella zona oggi corrispondente al <\/span><strong style=\"text-align: justify; font-size: 1rem;\">Rione San Silvestro<\/strong><span style=\"text-align: justify; font-size: 1rem;\">.<\/span><\/p>\n<p>&nbsp;<\/p>\n<h3 style=\"text-align: justify;\">Il contesto storico di Asti e il ruolo dei Visconti<\/h3>\n<p style=\"text-align: justify;\">Asti, citt\u00e0 di forte vocazione mercantile, perse la sua indipendenza comunale nel XIV secolo, divenendo parte del sistema territoriale visconteo. Gian Galeazzo vi esercit\u00f2 un controllo attento, usando la citt\u00e0 come base logistica per i suoi progetti espansionistici verso il Piemonte e la Francia. La scelta di far transitare Valentina per Asti non fu casuale: \u201c<strong>in civitate nostra Astensium, domino Galeatio subiecta<\/strong>, transit domina nobilis Valentina cum pompa et decore grandi\u201d (Cronache dell\u2019Archivio Capitolare di Asti, 1389).<\/p>\n<h3 style=\"text-align: justify;\">Il Rione San Silvestro: centro nobile e spirituale<\/h3>\n<p style=\"text-align: justify;\">Il <strong>Rione San Silvestro<\/strong>, il cui cuore pulsante era e resta la chiesa dedicata a papa Silvestro I, fu uno dei nuclei pi\u00f9 prestigiosi della citt\u00e0 medievale. L\u2019area era abitata da famiglie fedeli alla signoria viscontea e ospitava spesso emissari e funzionari provenienti da Milano. Non sorprende quindi che Valentina sia stata accolta proprio in questo rione, probabilmente in una delle case nobiliari adiacenti al tratto urbano della \u201cContrada Maestra\u201d.<\/p>\n<p style=\"text-align: justify;\"><img decoding=\"async\" class=\"size-medium wp-image-624 alignleft\" src=\"https:\/\/rionesansilvestro.it\/wp-content\/uploads\/2025\/04\/Milano-Biscione-stemma-milanoincontemporanea-728x300-2-300x124.jpg\" alt=\"\" width=\"300\" height=\"124\" srcset=\"https:\/\/rionesansilvestro.it\/wp-content\/uploads\/2025\/04\/Milano-Biscione-stemma-milanoincontemporanea-728x300-2-300x124.jpg 300w, https:\/\/rionesansilvestro.it\/wp-content\/uploads\/2025\/04\/Milano-Biscione-stemma-milanoincontemporanea-728x300-2.jpg 728w\" sizes=\"(max-width: 300px) 100vw, 300px\" \/>Lo stemma stesso del rione \u2014 con il <strong>biscione visconteo<\/strong> e i <strong>gigli di Francia<\/strong> \u2014 testimonia il legame profondo con la figura di Valentina. Secondo lo <strong>statuto rionale redatto nel XVII secolo<\/strong>, \u201c<strong>la memoria della gloriosa Valentina, ducale progenie, sia mantenuta in ogni celebrazione<\/strong>\u201d.<\/p>\n<h3 style=\"text-align: justify;\">Valentina, la memoria storica e la tragedia dinastica<\/h3>\n<p style=\"text-align: justify;\">Dopo il matrimonio, Valentina non fece mai pi\u00f9 ritorno in Italia. La sua vita fu segnata da intrighi e rivalit\u00e0 politiche: nel 1407 suo marito Luigi fu assassinato su ordine di Giovanni di Borgogna, innescando le guerre civili francesi tra Armagnacchi e Borgognoni. Valentina mor\u00ec l\u2019anno seguente, nel 1408, consumata dalla malattia e dall\u2019isolamento politico.<\/p>\n<p style=\"text-align: justify;\">Nelle sue lettere alla corte milanese, Valentina scrisse:<br \/>\n<strong>\u201cNon sono pi\u00f9 n\u00e9 di Francia n\u00e9 d&#8217;Italia, ma del dolore che divide le due.\u201d<\/strong><br \/>\n(Archivio di Stato di Milano, Lettera di Valentina Visconti, 1406)<\/p>\n<h3 style=\"text-align: justify;\">Il lascito nel rione<\/h3>\n<p style=\"text-align: justify;\">La memoria di Valentina \u00e8 sopravvissuta ad Asti grazie anche alla tradizione orale e al culto civico promosso nel Rione San Silvestro. Gi\u00e0 nel XVI secolo, il suo nome appariva associato a processioni e celebrazioni legate alla storia della citt\u00e0. A partire dal XIX secolo, gli studi storici locali hanno recuperato documenti e testimonianze sul suo soggiorno, considerandolo un momento simbolico del passaggio dalla libert\u00e0 comunale all\u2019influenza ducale.<\/p>\n<hr \/>\n<h3><strong>Fonti e Riferimenti storici<\/strong><\/h3>\n<ul>\n<li>Archivio Capitolare di Asti, <em>Annales Astensium<\/em>, ms. 1389<\/li>\n<li>Archivio di Stato di Milano, Lettere di Valentina Visconti, Fondo Visconti-Orl\u00e9ans<\/li>\n<li>Litta, Pompeo, <em>Famiglie celebri italiane<\/em>, Milano, 1835<\/li>\n<li>Settia, Aldo A., <em>Comuni e signorie nel Piemonte medievale<\/em>, Torino, Einaudi, 1991<\/li>\n<li>Sella, Domenico, <em>Asti e i Visconti: economia e potere nel XIV secolo<\/em>, Asti, 1978<\/li>\n<\/ul>\n","protected":false},"excerpt":{"rendered":"<p>Valentina Visconti e il Rione San Silvestro di\u00a0Asti: Signoria e Memoria tra Milano e la Francia &nbsp; Nel panorama politico dell\u2019Italia tardo-medievale, Valentina Visconti (1371\u20131408) rappresenta una delle figure femminili pi\u00f9 emblematiche della diplomazia dinastica viscontea. Figlia del potente duca di Milano Gian Galeazzo Visconti e della principessa francese Isabella di Valois, Valentina fu al [&hellip;]<\/p>\n","protected":false},"author":2,"featured_media":0,"parent":0,"menu_order":0,"comment_status":"closed","ping_status":"closed","template":"","meta":{"_crdt_document":"","footnotes":""},"class_list":["post-615","page","type-page","status-publish","hentry"],"_links":{"self":[{"href":"https:\/\/rionesansilvestro.it\/index.php?rest_route=\/wp\/v2\/pages\/615","targetHints":{"allow":["GET"]}}],"collection":[{"href":"https:\/\/rionesansilvestro.it\/index.php?rest_route=\/wp\/v2\/pages"}],"about":[{"href":"https:\/\/rionesansilvestro.it\/index.php?rest_route=\/wp\/v2\/types\/page"}],"author":[{"embeddable":true,"href":"https:\/\/rionesansilvestro.it\/index.php?rest_route=\/wp\/v2\/users\/2"}],"replies":[{"embeddable":true,"href":"https:\/\/rionesansilvestro.it\/index.php?rest_route=%2Fwp%2Fv2%2Fcomments&post=615"}],"version-history":[{"count":17,"href":"https:\/\/rionesansilvestro.it\/index.php?rest_route=\/wp\/v2\/pages\/615\/revisions"}],"predecessor-version":[{"id":643,"href":"https:\/\/rionesansilvestro.it\/index.php?rest_route=\/wp\/v2\/pages\/615\/revisions\/643"}],"wp:attachment":[{"href":"https:\/\/rionesansilvestro.it\/index.php?rest_route=%2Fwp%2Fv2%2Fmedia&parent=615"}],"curies":[{"name":"wp","href":"https:\/\/api.w.org\/{rel}","templated":true}]}}